{"id":3788,"date":"2025-09-06T21:57:30","date_gmt":"2025-09-06T19:57:30","guid":{"rendered":"https:\/\/www.darelmaq.com\/?page_id=3788"},"modified":"2023-10-25T20:58:52","modified_gmt":"2023-10-25T18:58:52","slug":"contacto","status":"publish","type":"page","link":"https:\/\/www.darelmaq.com\/es\/contacto\/","title":{"rendered":"Contacto"},"content":{"rendered":"<div class=\"nta_wa_button\" data-id=\"3791\" data-info=\"{&quot;name&quot;:&quot;DAR EL MAQ&quot;,&quot;info&quot;:{&quot;number&quot;:&quot;+33699574883&quot;,&quot;title&quot;:&quot;Contacta al equipo&quot;,&quot;predefinedText&quot;:&quot;&quot;,&quot;willBeBackText&quot;:&quot;Estar\\u00e9 de vuelta en [njwa_time_work]&quot;,&quot;dayOffsText&quot;:&quot;Volver\\u00e9 pronto&quot;,&quot;isAlwaysAvailable&quot;:&quot;ON&quot;,&quot;daysOfWeekWorking&quot;:{&quot;sunday&quot;:{&quot;isWorkingOnDay&quot;:&quot;OFF&quot;,&quot;workHours&quot;:[{&quot;startTime&quot;:&quot;08:00&quot;,&quot;endTime&quot;:&quot;17:30&quot;}]},&quot;monday&quot;:{&quot;isWorkingOnDay&quot;:&quot;OFF&quot;,&quot;workHours&quot;:[{&quot;startTime&quot;:&quot;08:00&quot;,&quot;endTime&quot;:&quot;17:30&quot;}]},&quot;tuesday&quot;:{&quot;isWorkingOnDay&quot;:&quot;OFF&quot;,&quot;workHours&quot;:[{&quot;startTime&quot;:&quot;08:00&quot;,&quot;endTime&quot;:&quot;17:30&quot;}]},&quot;wednesday&quot;:{&quot;isWorkingOnDay&quot;:&quot;OFF&quot;,&quot;workHours&quot;:[{&quot;startTime&quot;:&quot;08:00&quot;,&quot;endTime&quot;:&quot;17:30&quot;}]},&quot;thursday&quot;:{&quot;isWorkingOnDay&quot;:&quot;OFF&quot;,&quot;workHours&quot;:[{&quot;startTime&quot;:&quot;08:00&quot;,&quot;endTime&quot;:&quot;17:30&quot;}]},&quot;friday&quot;:{&quot;isWorkingOnDay&quot;:&quot;OFF&quot;,&quot;workHours&quot;:[{&quot;startTime&quot;:&quot;08:00&quot;,&quot;endTime&quot;:&quot;17:30&quot;}]},&quot;saturday&quot;:{&quot;isWorkingOnDay&quot;:&quot;OFF&quot;,&quot;workHours&quot;:[{&quot;startTime&quot;:&quot;08:00&quot;,&quot;endTime&quot;:&quot;17:30&quot;}]}}},&quot;styles&quot;:{&quot;type&quot;:&quot;round&quot;,&quot;backgroundColor&quot;:&quot;#25d366&quot;,&quot;textColor&quot;:&quot;#fff&quot;,&quot;label&quot;:&quot;Chatear en WhatsApp&quot;,&quot;width&quot;:300,&quot;height&quot;:64},&quot;avatar&quot;:false,&quot;options&quot;:{&quot;display&quot;:{&quot;displayCondition&quot;:&quot;excludePages&quot;,&quot;includePages&quot;:[],&quot;excludePages&quot;:[],&quot;includePosts&quot;:[],&quot;showOnDesktop&quot;:&quot;OFF&quot;,&quot;showOnMobile&quot;:&quot;ON&quot;,&quot;time_symbols&quot;:&quot;h:m&quot;},&quot;styles&quot;:{&quot;title&quot;:&quot;Une question ?&quot;,&quot;responseText&quot;:&quot;Nous devrions vous apporter une r\\u00e9ponse dans la journ\\u00e9e.&quot;,&quot;description&quot;:&quot;Bonjour! Cliquez ci-dessous pour d\\u00e9marrer une discussion sur <strong>WhatsApp<\\\/strong>&quot;,&quot;backgroundColor&quot;:&quot;#2db742&quot;,&quot;textColor&quot;:&quot;#fff&quot;,&quot;titleSize&quot;:18,&quot;accountNameSize&quot;:14,&quot;descriptionTextSize&quot;:12,&quot;regularTextSize&quot;:11,&quot;scrollHeight&quot;:&quot;500&quot;,&quot;isShowScroll&quot;:&quot;OFF&quot;,&quot;isShowResponseText&quot;:&quot;OFF&quot;,&quot;btnLabel&quot;:&quot;Besoin d&#039;aide? <strong>Contactez-nous !<\\\/strong>&quot;,&quot;btnLabelWidth&quot;:&quot;156&quot;,&quot;btnPosition&quot;:&quot;right&quot;,&quot;btnLeftDistance&quot;:&quot;30&quot;,&quot;btnRightDistance&quot;:&quot;20&quot;,&quot;btnBottomDistance&quot;:&quot;25&quot;,&quot;isShowBtnLabel&quot;:&quot;OFF&quot;,&quot;isShowGDPR&quot;:&quot;OFF&quot;,&quot;gdprContent&quot;:&quot;Please accept our <a href=\\&quot;https:\\\/\\\/ninjateam.org\\\/privacy-policy\\\/\\&quot;>privacy policy<\\\/a> first to start a conversation.&quot;,&quot;isShowPoweredBy&quot;:&quot;ON&quot;},&quot;analytics&quot;:{&quot;enabledGoogle&quot;:&quot;OFF&quot;,&quot;enabledFacebook&quot;:&quot;OFF&quot;,&quot;enabledGoogleGA4&quot;:&quot;OFF&quot;}},&quot;gdprStatus&quot;:false,&quot;defaultAvatar&quot;:&quot;https:\\\/\\\/www.darelmaq.com\\\/wp-content\\\/plugins\\\/wp-whatsapp\\\/assets\\\/img\\\/whatsapp_logo.svg&quot;}\"><\/div>\n\n\n\n<p>O por correo electr\u00f3nico: <a href=\"mailto:elmaqhor@gmail.com\">elmaqhor@gmail.com<\/a><\/p>\n\n\n\n<h3 class=\"wp-block-heading\" id=\"titre-h3-margin\">\u00bfA qui\u00e9n vas a contactar?<\/h3>\n\n\n\n<p>Un miembro de la familia de DAR EL MAQ Asilah, aqu\u00ed para hacer tu vida m\u00e1s f\u00e1cil. Como amante de esta incre\u00edble ciudad llena de encanto, conocemos casi todos sus secretos.<\/p>\n\n\n\n<p>Sin embargo, para los secretos m\u00e1s secretos, contamos con el respaldo de un coanfitri\u00f3n, un habitante de Asilah con una agenda completa para brindarte una experiencia aut\u00e9ntica como nativo de esta regi\u00f3n.<\/p>\n\n\n\n<h3 class=\"wp-block-heading\" id=\"titre-h3-margin\">\u00a1H\u00e1ganos todas sus preguntas sobre nuestra propiedad y Asilah!<\/h3>\n\n\n\n<p>Ya sea sobre c\u00f3mo llegar a Asilah, el clima actual, <a href=\"https:\/\/www.darelmaq.com\/es\/las-mejores-opciones-para-desayunar-en-asilah\/\">los mejores lugares para desayunar<\/a>, los pr\u00f3ximos festivales de arte o las actividades imperdibles, estamos aqu\u00ed para iluminarte. \u00bfDeseas descubrir las playas m\u00e1s hermosas, encontrar pescado fresco o <a href=\"https:\/\/www.darelmaq.com\/es\/los-mejores-restaurantes-en-asilah\/\">disfrutar de deliciosa comida local<\/a>? Tenemos las respuestas. \u00bfBuscas un buen restaurante o un lugar para comprar alcohol? Tenemos sugerencias. Sin embargo, cuando preguntas cu\u00e1l es el mejor hotel en Asilah, tenemos un peque\u00f1o conflicto de intereses (nos declaramos culpables por DAR EL MAQ \ud83d\ude04).<\/p>\n\n\n\n<h3 class=\"wp-block-heading\" id=\"titre-h3-margin\">Preguntas frecuentes<\/h3>\n\n\n\n<p>Antes de contactarnos, no dude en consultar nuestras preguntas frecuentes (FAQ) sobre Asilah y nuestra propiedad. Podr\u00eda encontrar la respuesta a su pregunta, as\u00ed como informaci\u00f3n \u00fatil.<\/p>\n\n\n\n<div class=\"wp-block-buttons is-layout-flex wp-block-buttons-is-layout-flex\">\n<div class=\"wp-block-button\"><a class=\"wp-block-button__link wp-element-button\" href=\"https:\/\/www.darelmaq.com\/es\/preguntas-frecuentes-mercado-de-preguntas-%f0%9f%92%ac\/\">Encuentra Respuestas Aqu\u00ed<\/a><\/div>\n<\/div>\n\n\n\n<p>Para cualquier otra pregunta o solicitud de reserva en Asilah, cont\u00e1ctenos. Estamos aqu\u00ed para hacer que su estancia sea inolvidable y para que se sienta como en casa en esta hermosa ciudad costera. \u00bfTiene alguna pregunta? \u00a1Nosotros tenemos la respuesta!<\/p>\n\n\n\n<p>Si todo est\u00e1 claro, puede reservar DAR EL MAQ en <a href=\"https:\/\/www.airbnb.fr\/rooms\/22848657?guests=1&adults=1&s=67&unique_share_id=be52a005-6982-4e7e-99fe-bac6c4d9a40e\">Airbnb<\/a> o <a href=\"https:\/\/www.booking.com\/Share-wTZuQZ\">Booking<\/a> ahora mismo.<\/p>\n\n\n\n<figure class=\"wp-block-image size-full imagecontact\"><img fetchpriority=\"high\" decoding=\"async\" width=\"1000\" height=\"667\" src=\"https:\/\/www.darelmaq.com\/wp-content\/uploads\/2022\/05\/15324517525_ac436721d3_b.jpg\" alt=\"Contact asilah logement Dar el maq\" class=\"wp-image-2271\" srcset=\"https:\/\/www.darelmaq.com\/wp-content\/uploads\/2022\/05\/15324517525_ac436721d3_b.jpg 1000w, https:\/\/www.darelmaq.com\/wp-content\/uploads\/2022\/05\/15324517525_ac436721d3_b-300x200.jpg 300w, https:\/\/www.darelmaq.com\/wp-content\/uploads\/2022\/05\/15324517525_ac436721d3_b-768x512.jpg 768w, https:\/\/www.darelmaq.com\/wp-content\/uploads\/2022\/05\/15324517525_ac436721d3_b-720x480.jpg 720w, https:\/\/www.darelmaq.com\/wp-content\/uploads\/2022\/05\/15324517525_ac436721d3_b-750x500.jpg 750w\" sizes=\"(max-width: 1000px) 100vw, 1000px\" \/><\/figure>\n","protected":false},"excerpt":{"rendered":"<p>O por correo electr\u00f3nico: elmaqhor@gmail.com \u00bfA qui\u00e9n vas a contactar? Un miembro de la familia de DAR EL MAQ Asilah, [&hellip;]<\/p>\n","protected":false},"author":1,"featured_media":0,"parent":0,"menu_order":0,"comment_status":"closed","ping_status":"closed","template":"page-contact.php","meta":{"footnotes":""},"class_list":["post-3788","page","type-page","status-publish","hentry"],"yoast_head":"<!-- This site is optimized with the Yoast SEO plugin v27.5 - https:\/\/yoast.com\/product\/yoast-seo-wordpress\/ -->\n<title>Contacto DAR EL MAQ Asilah - Estamos aqu\u00ed para ayudarte<\/title>\n<meta name=\"description\" content=\"\u00bfNecesitas contactarnos? Encuentra toda la informaci\u00f3n de contacto para comunicarte con nuestro equipo en Asilah.\" \/>\n<meta name=\"robots\" content=\"index, follow, max-snippet:-1, max-image-preview:large, max-video-preview:-1\" \/>\n<link rel=\"canonical\" href=\"https:\/\/www.darelmaq.com\/es\/contacto\/\" \/>\n<meta property=\"og:locale\" content=\"es_ES\" \/>\n<meta property=\"og:type\" content=\"article\" \/>\n<meta property=\"og:title\" content=\"Contacto DAR EL MAQ Asilah - Estamos aqu\u00ed para ayudarte\" \/>\n<meta property=\"og:description\" content=\"\u00bfNecesitas contactarnos? Encuentra toda la informaci\u00f3n de contacto para comunicarte con nuestro equipo en Asilah.\" \/>\n<meta property=\"og:url\" content=\"https:\/\/www.darelmaq.com\/es\/contacto\/\" \/>\n<meta property=\"og:site_name\" content=\"Dar el Maq\" \/>\n<meta property=\"og:image\" content=\"https:\/\/www.darelmaq.com\/wp-content\/uploads\/2022\/05\/15324517525_ac436721d3_b.jpg\" \/>\n<meta name=\"twitter:card\" content=\"summary_large_image\" \/>\n<meta name=\"twitter:label1\" content=\"Tiempo de lectura\" \/>\n\t<meta name=\"twitter:data1\" content=\"2 minutos\" \/>\n<script type=\"application\/ld+json\" class=\"yoast-schema-graph\">{\"@context\":\"https:\\\/\\\/schema.org\",\"@graph\":[{\"@type\":\"WebPage\",\"@id\":\"https:\\\/\\\/www.darelmaq.com\\\/es\\\/contacto\\\/\",\"url\":\"https:\\\/\\\/www.darelmaq.com\\\/es\\\/contacto\\\/\",\"name\":\"Contacto DAR EL MAQ Asilah - Estamos aqu\u00ed para ayudarte\",\"isPartOf\":{\"@id\":\"https:\\\/\\\/www.darelmaq.com\\\/es\\\/#website\"},\"primaryImageOfPage\":{\"@id\":\"https:\\\/\\\/www.darelmaq.com\\\/es\\\/contacto\\\/#primaryimage\"},\"image\":{\"@id\":\"https:\\\/\\\/www.darelmaq.com\\\/es\\\/contacto\\\/#primaryimage\"},\"thumbnailUrl\":\"https:\\\/\\\/www.darelmaq.com\\\/wp-content\\\/uploads\\\/2022\\\/05\\\/15324517525_ac436721d3_b.jpg\",\"datePublished\":\"2025-09-06T19:57:30+00:00\",\"description\":\"\u00bfNecesitas contactarnos? Encuentra toda la informaci\u00f3n de contacto para comunicarte con nuestro equipo en Asilah.\",\"breadcrumb\":{\"@id\":\"https:\\\/\\\/www.darelmaq.com\\\/es\\\/contacto\\\/#breadcrumb\"},\"inLanguage\":\"es\",\"potentialAction\":[{\"@type\":\"ReadAction\",\"target\":[\"https:\\\/\\\/www.darelmaq.com\\\/es\\\/contacto\\\/\"]}]},{\"@type\":\"ImageObject\",\"inLanguage\":\"es\",\"@id\":\"https:\\\/\\\/www.darelmaq.com\\\/es\\\/contacto\\\/#primaryimage\",\"url\":\"https:\\\/\\\/www.darelmaq.com\\\/wp-content\\\/uploads\\\/2022\\\/05\\\/15324517525_ac436721d3_b.jpg\",\"contentUrl\":\"https:\\\/\\\/www.darelmaq.com\\\/wp-content\\\/uploads\\\/2022\\\/05\\\/15324517525_ac436721d3_b.jpg\"},{\"@type\":\"BreadcrumbList\",\"@id\":\"https:\\\/\\\/www.darelmaq.com\\\/es\\\/contacto\\\/#breadcrumb\",\"itemListElement\":[{\"@type\":\"ListItem\",\"position\":1,\"name\":\"Accueil\",\"item\":\"https:\\\/\\\/www.darelmaq.com\\\/es\\\/\"},{\"@type\":\"ListItem\",\"position\":2,\"name\":\"Contacto\"}]},{\"@type\":\"WebSite\",\"@id\":\"https:\\\/\\\/www.darelmaq.com\\\/es\\\/#website\",\"url\":\"https:\\\/\\\/www.darelmaq.com\\\/es\\\/\",\"name\":\"Dar el Maq\",\"description\":\"Dar el maq, vue oc\u00e9an et sauna\",\"publisher\":{\"@id\":\"https:\\\/\\\/www.darelmaq.com\\\/es\\\/#organization\"},\"potentialAction\":[{\"@type\":\"SearchAction\",\"target\":{\"@type\":\"EntryPoint\",\"urlTemplate\":\"https:\\\/\\\/www.darelmaq.com\\\/es\\\/?s={search_term_string}\"},\"query-input\":{\"@type\":\"PropertyValueSpecification\",\"valueRequired\":true,\"valueName\":\"search_term_string\"}}],\"inLanguage\":\"es\"},{\"@type\":\"Organization\",\"@id\":\"https:\\\/\\\/www.darelmaq.com\\\/es\\\/#organization\",\"name\":\"Dar el Maq\",\"url\":\"https:\\\/\\\/www.darelmaq.com\\\/es\\\/\",\"logo\":{\"@type\":\"ImageObject\",\"inLanguage\":\"es\",\"@id\":\"https:\\\/\\\/www.darelmaq.com\\\/es\\\/#\\\/schema\\\/logo\\\/image\\\/\",\"url\":\"https:\\\/\\\/www.darelmaq.com\\\/wp-content\\\/uploads\\\/2022\\\/08\\\/plaque-dar-el-maq-scaled.jpg\",\"contentUrl\":\"https:\\\/\\\/www.darelmaq.com\\\/wp-content\\\/uploads\\\/2022\\\/08\\\/plaque-dar-el-maq-scaled.jpg\",\"width\":2560,\"height\":1707,\"caption\":\"Dar el Maq\"},\"image\":{\"@id\":\"https:\\\/\\\/www.darelmaq.com\\\/es\\\/#\\\/schema\\\/logo\\\/image\\\/\"},\"sameAs\":[\"https:\\\/\\\/www.instagram.com\\\/darelmaq_asilah\\\/yoast\"]}]}<\/script>\n<!-- \/ Yoast SEO plugin. -->","yoast_head_json":{"title":"Contacto DAR EL MAQ Asilah - Estamos aqu\u00ed para ayudarte","description":"\u00bfNecesitas contactarnos? Encuentra toda la informaci\u00f3n de contacto para comunicarte con nuestro equipo en Asilah.","robots":{"index":"index","follow":"follow","max-snippet":"max-snippet:-1","max-image-preview":"max-image-preview:large","max-video-preview":"max-video-preview:-1"},"canonical":"https:\/\/www.darelmaq.com\/es\/contacto\/","og_locale":"es_ES","og_type":"article","og_title":"Contacto DAR EL MAQ Asilah - Estamos aqu\u00ed para ayudarte","og_description":"\u00bfNecesitas contactarnos? Encuentra toda la informaci\u00f3n de contacto para comunicarte con nuestro equipo en Asilah.","og_url":"https:\/\/www.darelmaq.com\/es\/contacto\/","og_site_name":"Dar el Maq","og_image":[{"url":"https:\/\/www.darelmaq.com\/wp-content\/uploads\/2022\/05\/15324517525_ac436721d3_b.jpg","type":"","width":"","height":""}],"twitter_card":"summary_large_image","twitter_misc":{"Tiempo de lectura":"2 minutos"},"schema":{"@context":"https:\/\/schema.org","@graph":[{"@type":"WebPage","@id":"https:\/\/www.darelmaq.com\/es\/contacto\/","url":"https:\/\/www.darelmaq.com\/es\/contacto\/","name":"Contacto DAR EL MAQ Asilah - Estamos aqu\u00ed para ayudarte","isPartOf":{"@id":"https:\/\/www.darelmaq.com\/es\/#website"},"primaryImageOfPage":{"@id":"https:\/\/www.darelmaq.com\/es\/contacto\/#primaryimage"},"image":{"@id":"https:\/\/www.darelmaq.com\/es\/contacto\/#primaryimage"},"thumbnailUrl":"https:\/\/www.darelmaq.com\/wp-content\/uploads\/2022\/05\/15324517525_ac436721d3_b.jpg","datePublished":"2025-09-06T19:57:30+00:00","description":"\u00bfNecesitas contactarnos? Encuentra toda la informaci\u00f3n de contacto para comunicarte con nuestro equipo en Asilah.","breadcrumb":{"@id":"https:\/\/www.darelmaq.com\/es\/contacto\/#breadcrumb"},"inLanguage":"es","potentialAction":[{"@type":"ReadAction","target":["https:\/\/www.darelmaq.com\/es\/contacto\/"]}]},{"@type":"ImageObject","inLanguage":"es","@id":"https:\/\/www.darelmaq.com\/es\/contacto\/#primaryimage","url":"https:\/\/www.darelmaq.com\/wp-content\/uploads\/2022\/05\/15324517525_ac436721d3_b.jpg","contentUrl":"https:\/\/www.darelmaq.com\/wp-content\/uploads\/2022\/05\/15324517525_ac436721d3_b.jpg"},{"@type":"BreadcrumbList","@id":"https:\/\/www.darelmaq.com\/es\/contacto\/#breadcrumb","itemListElement":[{"@type":"ListItem","position":1,"name":"Accueil","item":"https:\/\/www.darelmaq.com\/es\/"},{"@type":"ListItem","position":2,"name":"Contacto"}]},{"@type":"WebSite","@id":"https:\/\/www.darelmaq.com\/es\/#website","url":"https:\/\/www.darelmaq.com\/es\/","name":"Dar el Maq","description":"Dar el maq, vue oc\u00e9an et sauna","publisher":{"@id":"https:\/\/www.darelmaq.com\/es\/#organization"},"potentialAction":[{"@type":"SearchAction","target":{"@type":"EntryPoint","urlTemplate":"https:\/\/www.darelmaq.com\/es\/?s={search_term_string}"},"query-input":{"@type":"PropertyValueSpecification","valueRequired":true,"valueName":"search_term_string"}}],"inLanguage":"es"},{"@type":"Organization","@id":"https:\/\/www.darelmaq.com\/es\/#organization","name":"Dar el Maq","url":"https:\/\/www.darelmaq.com\/es\/","logo":{"@type":"ImageObject","inLanguage":"es","@id":"https:\/\/www.darelmaq.com\/es\/#\/schema\/logo\/image\/","url":"https:\/\/www.darelmaq.com\/wp-content\/uploads\/2022\/08\/plaque-dar-el-maq-scaled.jpg","contentUrl":"https:\/\/www.darelmaq.com\/wp-content\/uploads\/2022\/08\/plaque-dar-el-maq-scaled.jpg","width":2560,"height":1707,"caption":"Dar el Maq"},"image":{"@id":"https:\/\/www.darelmaq.com\/es\/#\/schema\/logo\/image\/"},"sameAs":["https:\/\/www.instagram.com\/darelmaq_asilah\/yoast"]}]}},"_links":{"self":[{"href":"https:\/\/www.darelmaq.com\/es\/wp-json\/wp\/v2\/pages\/3788","targetHints":{"allow":["GET"]}}],"collection":[{"href":"https:\/\/www.darelmaq.com\/es\/wp-json\/wp\/v2\/pages"}],"about":[{"href":"https:\/\/www.darelmaq.com\/es\/wp-json\/wp\/v2\/types\/page"}],"author":[{"embeddable":true,"href":"https:\/\/www.darelmaq.com\/es\/wp-json\/wp\/v2\/users\/1"}],"replies":[{"embeddable":true,"href":"https:\/\/www.darelmaq.com\/es\/wp-json\/wp\/v2\/comments?post=3788"}],"version-history":[{"count":3,"href":"https:\/\/www.darelmaq.com\/es\/wp-json\/wp\/v2\/pages\/3788\/revisions"}],"predecessor-version":[{"id":4136,"href":"https:\/\/www.darelmaq.com\/es\/wp-json\/wp\/v2\/pages\/3788\/revisions\/4136"}],"wp:attachment":[{"href":"https:\/\/www.darelmaq.com\/es\/wp-json\/wp\/v2\/media?parent=3788"}],"curies":[{"name":"wp","href":"https:\/\/api.w.org\/{rel}","templated":true}]}}