{"id":3816,"date":"2025-09-06T21:56:58","date_gmt":"2025-09-06T19:56:58","guid":{"rendered":"https:\/\/www.darelmaq.com\/?page_id=3816"},"modified":"2025-09-06T21:55:56","modified_gmt":"2025-09-06T19:55:56","slug":"foto-casa-asilah","status":"publish","type":"page","link":"https:\/\/www.darelmaq.com\/es\/foto-casa-asilah\/","title":{"rendered":"\u00c1lbumes de fotos &#8211; Dar el Maq Asilah"},"content":{"rendered":"\n<p>\u00bfEst\u00e1s buscando un hotel? Visita nuestra casa, como un hotel en Asilah. No es un hotel, sino una hermosa casa de familia que abrimos a todos nuestros amigos de todo el mundo. En el mapa de Marruecos, nuestra casa est\u00e1 situada en el coraz\u00f3n de la medina, a solo unos metros de la playa. A pocos kil\u00f3metros de distancia, encontrar\u00e1s Asilah Marina Golf, un lugar ideal para practicar algunos swings.<\/p>\n\n\n\n<p>Asilah es una peque\u00f1a ciudad rodeada de grandes ciudades como T\u00e1nger, Chefchaouen, Tetu\u00e1n o Larache.<\/p>\n\n\n\n<p>Para reservar nuestra casa en alquiler, visita Airbnb o Booking.<\/p>\n\n\n\n<h2 class=\"wp-block-heading\">\u00bfQu\u00e9 hacer en Asilah? Hotel Asilah.<\/h2>\n\n\n\n<p>Asilah a\u00fan no est\u00e1 demasiado saturada de turismo, excepto en verano: autenticidad, hermosas playas atl\u00e1nticas, una medina magn\u00edfica y art\u00edstica con el festival de arte, murallas portuguesas junto al oc\u00e9ano&#8230; Una mezcla de Essaouira, las C\u00edcladas o Andaluc\u00eda, de hecho, el encanto de Asilah es innegable. Es un verdadero placer perderse por las calles de la medina para visitar Asilah.<\/p>\n\n\n\n<p>Dentro de la medina, aqu\u00ed est\u00e1n los puntos de inter\u00e9s que no debes perderte. Los imprescindibles para visitar Asilah:<\/p>\n\n\n\n<ol class=\"wp-block-list\">\n<li>Comienza visitando las calles de la medina para disfrutar de la tranquilidad y la limpieza de la ciudad.<\/li>\n\n\n\n<li>Palacio de Ra\u00efssouli, a solo 5 minutos de la casa. Construido a principios del siglo XX, que hoy es el centro cultural de Asilah.<\/li>\n\n\n\n<li>Observa las obras de arte callejero ocultas en las paredes blancas de la medina.<\/li>\n\n\n\n<li>La nueva gran mezquita de Asilah.<\/li>\n\n\n\n<li>Tour al qamra, torre y muralla construida por los portugueses.<\/li>\n\n\n\n<li>Borj Krikiya, un punto de vista incre\u00edble, con vistas al oc\u00e9ano por un lado y a las murallas de la medina por el otro.<\/li>\n\n\n\n<li>Bab al Homer, la puerta principal de la medina de Asilah.<\/li>\n\n\n\n<li>Por \u00faltimo, el cementerio marino cerca del santuario de Sidi Ahmed Ibn Moussa (cerca de Borj Krikiya).<\/li>\n<\/ol>\n\n\n\n<p>Por \u00faltimo, todas las fotos tomadas son reales, pero los equipamientos est\u00e1n sujetos a cambios.<\/p>\n","protected":false},"excerpt":{"rendered":"<p>\u00bfEst\u00e1s buscando un hotel? Visita nuestra casa, como un hotel en Asilah. No es un hotel, sino una hermosa casa [&hellip;]<\/p>\n","protected":false},"author":1,"featured_media":0,"parent":0,"menu_order":0,"comment_status":"closed","ping_status":"closed","template":"page-albums.php","meta":{"footnotes":""},"class_list":["post-3816","page","type-page","status-publish","hentry"],"yoast_head":"<!-- This site is optimized with the Yoast SEO plugin v27.4 - https:\/\/yoast.com\/product\/yoast-seo-wordpress\/ -->\n<title>\u00bfEst\u00e1s buscando un hotel en Asilah? Visita la casa Dar el Maq<\/title>\n<meta name=\"description\" content=\"A 40 km de T\u00e1nger, el riad est\u00e1 abierto para familias y amigos de todo el mundo. En el coraz\u00f3n de Asilah, como en un hotel, a 50 metros de la playa.\" \/>\n<meta name=\"robots\" content=\"index, follow, max-snippet:-1, max-image-preview:large, max-video-preview:-1\" \/>\n<link rel=\"canonical\" href=\"https:\/\/www.darelmaq.com\/es\/foto-casa-asilah\/\" \/>\n<meta property=\"og:locale\" content=\"es_ES\" \/>\n<meta property=\"og:type\" content=\"article\" \/>\n<meta property=\"og:title\" content=\"\u00bfEst\u00e1s buscando un hotel en Asilah? Visita la casa Dar el Maq\" \/>\n<meta property=\"og:description\" content=\"A 40 km de T\u00e1nger, el riad est\u00e1 abierto para familias y amigos de todo el mundo. En el coraz\u00f3n de Asilah, como en un hotel, a 50 metros de la playa.\" \/>\n<meta property=\"og:url\" content=\"https:\/\/www.darelmaq.com\/es\/foto-casa-asilah\/\" \/>\n<meta property=\"og:site_name\" content=\"Dar el Maq\" \/>\n<meta name=\"twitter:card\" content=\"summary_large_image\" \/>\n<meta name=\"twitter:label1\" content=\"Tiempo de lectura\" \/>\n\t<meta name=\"twitter:data1\" content=\"2 minutos\" \/>\n<script type=\"application\/ld+json\" class=\"yoast-schema-graph\">{\"@context\":\"https:\\\/\\\/schema.org\",\"@graph\":[{\"@type\":\"WebPage\",\"@id\":\"https:\\\/\\\/www.darelmaq.com\\\/es\\\/foto-casa-asilah\\\/\",\"url\":\"https:\\\/\\\/www.darelmaq.com\\\/es\\\/foto-casa-asilah\\\/\",\"name\":\"\u00bfEst\u00e1s buscando un hotel en Asilah? Visita la casa Dar el Maq\",\"isPartOf\":{\"@id\":\"https:\\\/\\\/www.darelmaq.com\\\/es\\\/#website\"},\"datePublished\":\"2025-09-06T19:56:58+00:00\",\"description\":\"A 40 km de T\u00e1nger, el riad est\u00e1 abierto para familias y amigos de todo el mundo. En el coraz\u00f3n de Asilah, como en un hotel, a 50 metros de la playa.\",\"breadcrumb\":{\"@id\":\"https:\\\/\\\/www.darelmaq.com\\\/es\\\/foto-casa-asilah\\\/#breadcrumb\"},\"inLanguage\":\"es\",\"potentialAction\":[{\"@type\":\"ReadAction\",\"target\":[\"https:\\\/\\\/www.darelmaq.com\\\/es\\\/foto-casa-asilah\\\/\"]}]},{\"@type\":\"BreadcrumbList\",\"@id\":\"https:\\\/\\\/www.darelmaq.com\\\/es\\\/foto-casa-asilah\\\/#breadcrumb\",\"itemListElement\":[{\"@type\":\"ListItem\",\"position\":1,\"name\":\"Accueil\",\"item\":\"https:\\\/\\\/www.darelmaq.com\\\/es\\\/\"},{\"@type\":\"ListItem\",\"position\":2,\"name\":\"\u00c1lbumes de fotos &#8211; Dar el Maq Asilah\"}]},{\"@type\":\"WebSite\",\"@id\":\"https:\\\/\\\/www.darelmaq.com\\\/es\\\/#website\",\"url\":\"https:\\\/\\\/www.darelmaq.com\\\/es\\\/\",\"name\":\"Dar el Maq\",\"description\":\"Dar el maq, vue oc\u00e9an et sauna\",\"publisher\":{\"@id\":\"https:\\\/\\\/www.darelmaq.com\\\/es\\\/#organization\"},\"potentialAction\":[{\"@type\":\"SearchAction\",\"target\":{\"@type\":\"EntryPoint\",\"urlTemplate\":\"https:\\\/\\\/www.darelmaq.com\\\/es\\\/?s={search_term_string}\"},\"query-input\":{\"@type\":\"PropertyValueSpecification\",\"valueRequired\":true,\"valueName\":\"search_term_string\"}}],\"inLanguage\":\"es\"},{\"@type\":\"Organization\",\"@id\":\"https:\\\/\\\/www.darelmaq.com\\\/es\\\/#organization\",\"name\":\"Dar el Maq\",\"url\":\"https:\\\/\\\/www.darelmaq.com\\\/es\\\/\",\"logo\":{\"@type\":\"ImageObject\",\"inLanguage\":\"es\",\"@id\":\"https:\\\/\\\/www.darelmaq.com\\\/es\\\/#\\\/schema\\\/logo\\\/image\\\/\",\"url\":\"https:\\\/\\\/www.darelmaq.com\\\/wp-content\\\/uploads\\\/2022\\\/08\\\/plaque-dar-el-maq-scaled.jpg\",\"contentUrl\":\"https:\\\/\\\/www.darelmaq.com\\\/wp-content\\\/uploads\\\/2022\\\/08\\\/plaque-dar-el-maq-scaled.jpg\",\"width\":2560,\"height\":1707,\"caption\":\"Dar el Maq\"},\"image\":{\"@id\":\"https:\\\/\\\/www.darelmaq.com\\\/es\\\/#\\\/schema\\\/logo\\\/image\\\/\"},\"sameAs\":[\"https:\\\/\\\/www.instagram.com\\\/darelmaq_asilah\\\/yoast\"]}]}<\/script>\n<!-- \/ Yoast SEO plugin. -->","yoast_head_json":{"title":"\u00bfEst\u00e1s buscando un hotel en Asilah? Visita la casa Dar el Maq","description":"A 40 km de T\u00e1nger, el riad est\u00e1 abierto para familias y amigos de todo el mundo. En el coraz\u00f3n de Asilah, como en un hotel, a 50 metros de la playa.","robots":{"index":"index","follow":"follow","max-snippet":"max-snippet:-1","max-image-preview":"max-image-preview:large","max-video-preview":"max-video-preview:-1"},"canonical":"https:\/\/www.darelmaq.com\/es\/foto-casa-asilah\/","og_locale":"es_ES","og_type":"article","og_title":"\u00bfEst\u00e1s buscando un hotel en Asilah? Visita la casa Dar el Maq","og_description":"A 40 km de T\u00e1nger, el riad est\u00e1 abierto para familias y amigos de todo el mundo. En el coraz\u00f3n de Asilah, como en un hotel, a 50 metros de la playa.","og_url":"https:\/\/www.darelmaq.com\/es\/foto-casa-asilah\/","og_site_name":"Dar el Maq","twitter_card":"summary_large_image","twitter_misc":{"Tiempo de lectura":"2 minutos"},"schema":{"@context":"https:\/\/schema.org","@graph":[{"@type":"WebPage","@id":"https:\/\/www.darelmaq.com\/es\/foto-casa-asilah\/","url":"https:\/\/www.darelmaq.com\/es\/foto-casa-asilah\/","name":"\u00bfEst\u00e1s buscando un hotel en Asilah? Visita la casa Dar el Maq","isPartOf":{"@id":"https:\/\/www.darelmaq.com\/es\/#website"},"datePublished":"2025-09-06T19:56:58+00:00","description":"A 40 km de T\u00e1nger, el riad est\u00e1 abierto para familias y amigos de todo el mundo. En el coraz\u00f3n de Asilah, como en un hotel, a 50 metros de la playa.","breadcrumb":{"@id":"https:\/\/www.darelmaq.com\/es\/foto-casa-asilah\/#breadcrumb"},"inLanguage":"es","potentialAction":[{"@type":"ReadAction","target":["https:\/\/www.darelmaq.com\/es\/foto-casa-asilah\/"]}]},{"@type":"BreadcrumbList","@id":"https:\/\/www.darelmaq.com\/es\/foto-casa-asilah\/#breadcrumb","itemListElement":[{"@type":"ListItem","position":1,"name":"Accueil","item":"https:\/\/www.darelmaq.com\/es\/"},{"@type":"ListItem","position":2,"name":"\u00c1lbumes de fotos &#8211; Dar el Maq Asilah"}]},{"@type":"WebSite","@id":"https:\/\/www.darelmaq.com\/es\/#website","url":"https:\/\/www.darelmaq.com\/es\/","name":"Dar el Maq","description":"Dar el maq, vue oc\u00e9an et sauna","publisher":{"@id":"https:\/\/www.darelmaq.com\/es\/#organization"},"potentialAction":[{"@type":"SearchAction","target":{"@type":"EntryPoint","urlTemplate":"https:\/\/www.darelmaq.com\/es\/?s={search_term_string}"},"query-input":{"@type":"PropertyValueSpecification","valueRequired":true,"valueName":"search_term_string"}}],"inLanguage":"es"},{"@type":"Organization","@id":"https:\/\/www.darelmaq.com\/es\/#organization","name":"Dar el Maq","url":"https:\/\/www.darelmaq.com\/es\/","logo":{"@type":"ImageObject","inLanguage":"es","@id":"https:\/\/www.darelmaq.com\/es\/#\/schema\/logo\/image\/","url":"https:\/\/www.darelmaq.com\/wp-content\/uploads\/2022\/08\/plaque-dar-el-maq-scaled.jpg","contentUrl":"https:\/\/www.darelmaq.com\/wp-content\/uploads\/2022\/08\/plaque-dar-el-maq-scaled.jpg","width":2560,"height":1707,"caption":"Dar el Maq"},"image":{"@id":"https:\/\/www.darelmaq.com\/es\/#\/schema\/logo\/image\/"},"sameAs":["https:\/\/www.instagram.com\/darelmaq_asilah\/yoast"]}]}},"_links":{"self":[{"href":"https:\/\/www.darelmaq.com\/es\/wp-json\/wp\/v2\/pages\/3816","targetHints":{"allow":["GET"]}}],"collection":[{"href":"https:\/\/www.darelmaq.com\/es\/wp-json\/wp\/v2\/pages"}],"about":[{"href":"https:\/\/www.darelmaq.com\/es\/wp-json\/wp\/v2\/types\/page"}],"author":[{"embeddable":true,"href":"https:\/\/www.darelmaq.com\/es\/wp-json\/wp\/v2\/users\/1"}],"replies":[{"embeddable":true,"href":"https:\/\/www.darelmaq.com\/es\/wp-json\/wp\/v2\/comments?post=3816"}],"version-history":[{"count":2,"href":"https:\/\/www.darelmaq.com\/es\/wp-json\/wp\/v2\/pages\/3816\/revisions"}],"predecessor-version":[{"id":3818,"href":"https:\/\/www.darelmaq.com\/es\/wp-json\/wp\/v2\/pages\/3816\/revisions\/3818"}],"wp:attachment":[{"href":"https:\/\/www.darelmaq.com\/es\/wp-json\/wp\/v2\/media?parent=3816"}],"curies":[{"name":"wp","href":"https:\/\/api.w.org\/{rel}","templated":true}]}}